{"id":800,"date":"2022-02-21T08:27:38","date_gmt":"2022-02-21T08:27:38","guid":{"rendered":"https:\/\/legrandcaferouge.eu\/le-grand-cafe-rouge-la-tour-antares\/"},"modified":"2023-08-01T13:37:37","modified_gmt":"2023-08-01T13:37:37","slug":"tour-antares-barcelone","status":"publish","type":"page","link":"https:\/\/legrandcaferouge.eu\/fr\/tour-antares-barcelone\/","title":{"rendered":"Le Grand Caf\u00e9 Rouge \u2013\u00a0La tour Antares"},"content":{"rendered":"<p>[et_pb_section fb_built=\u00a0\u00bb1&Prime; next_background_color=\u00a0\u00bb#A50932&Prime; _builder_version=\u00a0\u00bb4.16&Prime; _module_preset=\u00a0\u00bbdefault\u00a0\u00bb background_image=\u00a0\u00bbhttps:\/\/legrandcaferouge.eu\/wp-content\/uploads\/2022\/02\/fons_antares.jpg\u00a0\u00bb custom_padding=\u00a0\u00bb670px||670px||true|false\u00a0\u00bb bottom_divider_style=\u00a0\u00bbasymmetric\u00a0\u00bb global_colors_info=\u00a0\u00bb{}\u00a0\u00bb][et_pb_row _builder_version=\u00a0\u00bb4.16&Prime; _module_preset=\u00a0\u00bbdefault\u00a0\u00bb global_colors_info=\u00a0\u00bb{}\u00a0\u00bb][et_pb_column type=\u00a0\u00bb4_4&Prime; _builder_version=\u00a0\u00bb4.16&Prime; _module_preset=\u00a0\u00bbdefault\u00a0\u00bb global_colors_info=\u00a0\u00bb{}\u00a0\u00bb][et_pb_text _builder_version=\u00a0\u00bb4.17.3&Prime; _module_preset=\u00a0\u00bbdefault\u00a0\u00bb header_font=\u00a0\u00bbquickpen-w00||||||||\u00a0\u00bb header_text_color=\u00a0\u00bb#FFFFFF\u00a0\u00bb header_font_size=\u00a0\u00bb100px\u00a0\u00bb transform_rotate=\u00a0\u00bb0deg|0deg|-90deg\u00a0\u00bb custom_margin=\u00a0\u00bb-232px||||false|false\u00a0\u00bb custom_padding=\u00a0\u00bb0px||||false|false\u00a0\u00bb scroll_fade_enable=\u00a0\u00bbon\u00a0\u00bb scroll_fade=\u00a0\u00bb0|85|85|100|0|100|100&Prime; scroll_scaling_enable=\u00a0\u00bbon\u00a0\u00bb scroll_scaling=\u00a0\u00bb0|83|83|100|300%|100|100&Prime; hover_enabled=\u00a0\u00bb0&Prime; global_colors_info=\u00a0\u00bb{}\u00a0\u00bb header_font_size_last_edited=\u00a0\u00bbon|phone\u00a0\u00bb sticky_enabled=\u00a0\u00bb0&Prime; header_font_size_phone=\u00a0\u00bb40px\u00a0\u00bb header_font_size_tablet=\u00a0\u00bb100px\u00a0\u00bb]<\/p>\n<div class=\"page\" title=\"Page 3\">\n<div class=\"section\">\n<div class=\"layoutArea\">\n<div class=\"column\">\n<h1>La tour Antares<\/h1>\n<\/div>\n<\/div>\n<\/div>\n<\/div>\n<p>[\/et_pb_text][\/et_pb_column][\/et_pb_row][\/et_pb_section][et_pb_section fb_built=\u00a0\u00bb1&Prime; _builder_version=\u00a0\u00bb4.16&Prime; _module_preset=\u00a0\u00bbdefault\u00a0\u00bb background_color=\u00a0\u00bb#A50932&Prime; global_colors_info=\u00a0\u00bb{}\u00a0\u00bb][et_pb_row _builder_version=\u00a0\u00bb4.16&Prime; _module_preset=\u00a0\u00bbdefault\u00a0\u00bb global_colors_info=\u00a0\u00bb{}\u00a0\u00bb][et_pb_column type=\u00a0\u00bb4_4&Prime; _builder_version=\u00a0\u00bb4.16&Prime; _module_preset=\u00a0\u00bbdefault\u00a0\u00bb global_colors_info=\u00a0\u00bb{}\u00a0\u00bb][et_pb_text _builder_version=\u00a0\u00bb4.17.3&Prime; _module_preset=\u00a0\u00bbdefault\u00a0\u00bb header_font=\u00a0\u00bbquickpen-w00||||||||\u00a0\u00bb header_text_align=\u00a0\u00bbcenter\u00a0\u00bb header_text_color=\u00a0\u00bb#FFFFFF\u00a0\u00bb header_font_size=\u00a0\u00bb72px\u00a0\u00bb width=\u00a0\u00bb70%\u00a0\u00bb max_width=\u00a0\u00bb70%\u00a0\u00bb module_alignment=\u00a0\u00bbcenter\u00a0\u00bb scroll_fade_enable=\u00a0\u00bbon\u00a0\u00bb hover_enabled=\u00a0\u00bb0&Prime; global_colors_info=\u00a0\u00bb{}\u00a0\u00bb header_font_size_last_edited=\u00a0\u00bbon|phone\u00a0\u00bb header_font_size_phone=\u00a0\u00bb40px\u00a0\u00bb sticky_enabled=\u00a0\u00bb0&Prime; header_font_size_tablet=\u00a0\u00bb72px\u00a0\u00bb]<\/p>\n<h1>Antares Barcelona<\/h1>\n<p>[\/et_pb_text][et_pb_text _builder_version=\u00a0\u00bb4.16&Prime; _module_preset=\u00a0\u00bbdefault\u00a0\u00bb header_3_font=\u00a0\u00bbbasiersquare||||||||\u00a0\u00bb header_3_text_align=\u00a0\u00bbcenter\u00a0\u00bb header_3_text_color=\u00a0\u00bb#FFFFFF\u00a0\u00bb header_3_letter_spacing=\u00a0\u00bb-1px\u00a0\u00bb header_3_line_height=\u00a0\u00bb1.3em\u00a0\u00bb width=\u00a0\u00bb69%\u00a0\u00bb max_width=\u00a0\u00bb70%\u00a0\u00bb module_alignment=\u00a0\u00bbcenter\u00a0\u00bb custom_padding=\u00a0\u00bb||51px||false|false\u00a0\u00bb scroll_fade_enable=\u00a0\u00bbon\u00a0\u00bb global_colors_info=\u00a0\u00bb{}\u00a0\u00bb]<\/p>\n<h3>Le restaurant est situ\u00e9 dans le b\u00e2timent Antares. Un nouveau concept r\u00e9sidentiel sign\u00e9 par l&rsquo;architecte fran\u00e7aise de renomm\u00e9e mondiale Odile Decq, qui a con\u00e7u cette nouvelle tour d&rsquo;appartements \u00e0 Diagonal Mar, un quartier contemporain et dynamique de Barcelone.<br \/>Un b\u00e2timent spectaculaire et moderne de 28 \u00e9tages qui dessine un nouveau panorama face \u00e0 la mer M\u00e9diterran\u00e9e. L&rsquo;architecte est r\u00e9put\u00e9 pour avoir cr\u00e9\u00e9 des points de rep\u00e8re mondiaux gr\u00e2ce \u00e0 une architecture unique et avant-gardiste. Ses cr\u00e9ations vous plongent dans une exp\u00e9rience sensorielle et fluide, gr\u00e2ce \u00e0 leurs formes ondul\u00e9es, qui cr\u00e9ent des espaces agr\u00e9ables et paisibles.<br \/>L&rsquo;objectif de Odile Decq est de transformer les moments du quotidien en le\u00e7ons de r\u00e9v\u00e9rence artistique.<\/h3>\n<p>[\/et_pb_text][et_pb_image src=\u00a0\u00bbhttps:\/\/legrandcaferouge.eu\/wp-content\/uploads\/2022\/02\/conjunto.png\u00a0\u00bb title_text=\u00a0\u00bbconjunto\u00a0\u00bb _builder_version=\u00a0\u00bb4.16&Prime; _module_preset=\u00a0\u00bbdefault\u00a0\u00bb global_colors_info=\u00a0\u00bb{}\u00a0\u00bb][\/et_pb_image][\/et_pb_column][\/et_pb_row][\/et_pb_section][et_pb_section fb_built=\u00a0\u00bb1&Prime; prev_background_color=\u00a0\u00bb#A50932&Prime; next_background_color=\u00a0\u00bb#A50932&Prime; _builder_version=\u00a0\u00bb4.16&Prime; _module_preset=\u00a0\u00bbdefault\u00a0\u00bb background_image=\u00a0\u00bbhttps:\/\/legrandcaferouge.eu\/wp-content\/uploads\/2022\/02\/fons_antares2.jpg\u00a0\u00bb parallax=\u00a0\u00bbon\u00a0\u00bb parallax_method=\u00a0\u00bboff\u00a0\u00bb custom_padding=\u00a0\u00bb500px||500px||true|false\u00a0\u00bb top_divider_style=\u00a0\u00bbasymmetric\u00a0\u00bb bottom_divider_style=\u00a0\u00bbmountains\u00a0\u00bb global_colors_info=\u00a0\u00bb{}\u00a0\u00bb][\/et_pb_section][et_pb_section fb_built=\u00a0\u00bb1&Prime; _builder_version=\u00a0\u00bb4.16&Prime; _module_preset=\u00a0\u00bbdefault\u00a0\u00bb background_color=\u00a0\u00bb#A50932&Prime; global_colors_info=\u00a0\u00bb{}\u00a0\u00bb][\/et_pb_section]<\/p>\n","protected":false},"excerpt":{"rendered":"<p>La tour Antares Antares BarcelonaLe restaurant est situ\u00e9 dans le b\u00e2timent Antares. Un nouveau concept r\u00e9sidentiel sign\u00e9 par l&rsquo;architecte fran\u00e7aise de renomm\u00e9e mondiale Odile Decq, qui a con\u00e7u cette nouvelle tour d&rsquo;appartements \u00e0 Diagonal Mar, un quartier contemporain et dynamique de Barcelone.Un b\u00e2timent spectaculaire et moderne de 28 \u00e9tages qui dessine un nouveau panorama face [&hellip;]<\/p>\n","protected":false},"author":1,"featured_media":0,"parent":0,"menu_order":0,"comment_status":"closed","ping_status":"closed","template":"","meta":{"_et_pb_use_builder":"on","_et_pb_old_content":"","_et_gb_content_width":"","footnotes":""},"class_list":["post-800","page","type-page","status-publish","hentry"],"yoast_head":"<!-- This site is optimized with the Yoast SEO plugin v25.3 - https:\/\/yoast.com\/wordpress\/plugins\/seo\/ -->\n<title>Tour Antares Barcelone - Le Grand Caf\u00e9 Rouge<\/title>\n<meta name=\"description\" content=\"Tour Antares Barcelone : Le restaurant est situ\u00e9 dans le b\u00e2timent Antares. Un nouveau concept r\u00e9sidentiel sign\u00e9 par l\u2019architecte fran\u00e7aise de renomm\u00e9e mondiale Odile Decq, qui a con\u00e7u cette nouvelle tour d\u2019appartements \u00e0 Diagonal Mar, un quartier contemporain et dynamique de Barcelone.\" \/>\n<meta name=\"robots\" content=\"index, follow, max-snippet:-1, max-image-preview:large, max-video-preview:-1\" \/>\n<link rel=\"canonical\" href=\"https:\/\/legrandcaferouge.eu\/fr\/tour-antares-barcelone\/\" \/>\n<meta property=\"og:locale\" content=\"fr_FR\" \/>\n<meta property=\"og:type\" content=\"article\" \/>\n<meta property=\"og:title\" content=\"Tour Antares Barcelone - Le Grand Caf\u00e9 Rouge\" \/>\n<meta property=\"og:description\" content=\"Tour Antares Barcelone : Le restaurant est situ\u00e9 dans le b\u00e2timent Antares. Un nouveau concept r\u00e9sidentiel sign\u00e9 par l\u2019architecte fran\u00e7aise de renomm\u00e9e mondiale Odile Decq, qui a con\u00e7u cette nouvelle tour d\u2019appartements \u00e0 Diagonal Mar, un quartier contemporain et dynamique de Barcelone.\" \/>\n<meta property=\"og:url\" content=\"https:\/\/legrandcaferouge.eu\/fr\/tour-antares-barcelone\/\" \/>\n<meta property=\"og:site_name\" content=\"Le Grand Cafe Rouge\" \/>\n<meta property=\"article:modified_time\" content=\"2023-08-01T13:37:37+00:00\" \/>\n<meta name=\"twitter:card\" content=\"summary_large_image\" \/>\n<meta name=\"twitter:label1\" content=\"Dur\u00e9e de lecture estim\u00e9e\" \/>\n\t<meta name=\"twitter:data1\" content=\"1 minute\" \/>\n<script type=\"application\/ld+json\" class=\"yoast-schema-graph\">{\"@context\":\"https:\/\/schema.org\",\"@graph\":[{\"@type\":\"WebPage\",\"@id\":\"https:\/\/legrandcaferouge.eu\/fr\/tour-antares-barcelone\/\",\"url\":\"https:\/\/legrandcaferouge.eu\/fr\/tour-antares-barcelone\/\",\"name\":\"Tour Antares Barcelone - Le Grand Caf\u00e9 Rouge\",\"isPartOf\":{\"@id\":\"https:\/\/legrandcaferouge.eu\/fr\/#website\"},\"datePublished\":\"2022-02-21T08:27:38+00:00\",\"dateModified\":\"2023-08-01T13:37:37+00:00\",\"description\":\"Tour Antares Barcelone : Le restaurant est situ\u00e9 dans le b\u00e2timent Antares. Un nouveau concept r\u00e9sidentiel sign\u00e9 par l\u2019architecte fran\u00e7aise de renomm\u00e9e mondiale Odile Decq, qui a con\u00e7u cette nouvelle tour d\u2019appartements \u00e0 Diagonal Mar, un quartier contemporain et dynamique de Barcelone.\",\"breadcrumb\":{\"@id\":\"https:\/\/legrandcaferouge.eu\/fr\/tour-antares-barcelone\/#breadcrumb\"},\"inLanguage\":\"fr-FR\",\"potentialAction\":[{\"@type\":\"ReadAction\",\"target\":[\"https:\/\/legrandcaferouge.eu\/fr\/tour-antares-barcelone\/\"]}]},{\"@type\":\"BreadcrumbList\",\"@id\":\"https:\/\/legrandcaferouge.eu\/fr\/tour-antares-barcelone\/#breadcrumb\",\"itemListElement\":[{\"@type\":\"ListItem\",\"position\":1,\"name\":\"Portada\",\"item\":\"https:\/\/legrandcaferouge.eu\/fr\/\"},{\"@type\":\"ListItem\",\"position\":2,\"name\":\"Le Grand Caf\u00e9 Rouge \u2013\u00a0La tour Antares\"}]},{\"@type\":\"WebSite\",\"@id\":\"https:\/\/legrandcaferouge.eu\/fr\/#website\",\"url\":\"https:\/\/legrandcaferouge.eu\/fr\/\",\"name\":\"Le Grand Cafe Rouge\",\"description\":\"Restaurante Brasserie Barcelona \u2013 Edificio Antares\",\"potentialAction\":[{\"@type\":\"SearchAction\",\"target\":{\"@type\":\"EntryPoint\",\"urlTemplate\":\"https:\/\/legrandcaferouge.eu\/fr\/?s={search_term_string}\"},\"query-input\":{\"@type\":\"PropertyValueSpecification\",\"valueRequired\":true,\"valueName\":\"search_term_string\"}}],\"inLanguage\":\"fr-FR\"}]}<\/script>\n<!-- \/ Yoast SEO plugin. -->","yoast_head_json":{"title":"Tour Antares Barcelone - Le Grand Caf\u00e9 Rouge","description":"Tour Antares Barcelone : Le restaurant est situ\u00e9 dans le b\u00e2timent Antares. Un nouveau concept r\u00e9sidentiel sign\u00e9 par l\u2019architecte fran\u00e7aise de renomm\u00e9e mondiale Odile Decq, qui a con\u00e7u cette nouvelle tour d\u2019appartements \u00e0 Diagonal Mar, un quartier contemporain et dynamique de Barcelone.","robots":{"index":"index","follow":"follow","max-snippet":"max-snippet:-1","max-image-preview":"max-image-preview:large","max-video-preview":"max-video-preview:-1"},"canonical":"https:\/\/legrandcaferouge.eu\/fr\/tour-antares-barcelone\/","og_locale":"fr_FR","og_type":"article","og_title":"Tour Antares Barcelone - Le Grand Caf\u00e9 Rouge","og_description":"Tour Antares Barcelone : Le restaurant est situ\u00e9 dans le b\u00e2timent Antares. Un nouveau concept r\u00e9sidentiel sign\u00e9 par l\u2019architecte fran\u00e7aise de renomm\u00e9e mondiale Odile Decq, qui a con\u00e7u cette nouvelle tour d\u2019appartements \u00e0 Diagonal Mar, un quartier contemporain et dynamique de Barcelone.","og_url":"https:\/\/legrandcaferouge.eu\/fr\/tour-antares-barcelone\/","og_site_name":"Le Grand Cafe Rouge","article_modified_time":"2023-08-01T13:37:37+00:00","twitter_card":"summary_large_image","twitter_misc":{"Dur\u00e9e de lecture estim\u00e9e":"1 minute"},"schema":{"@context":"https:\/\/schema.org","@graph":[{"@type":"WebPage","@id":"https:\/\/legrandcaferouge.eu\/fr\/tour-antares-barcelone\/","url":"https:\/\/legrandcaferouge.eu\/fr\/tour-antares-barcelone\/","name":"Tour Antares Barcelone - Le Grand Caf\u00e9 Rouge","isPartOf":{"@id":"https:\/\/legrandcaferouge.eu\/fr\/#website"},"datePublished":"2022-02-21T08:27:38+00:00","dateModified":"2023-08-01T13:37:37+00:00","description":"Tour Antares Barcelone : Le restaurant est situ\u00e9 dans le b\u00e2timent Antares. Un nouveau concept r\u00e9sidentiel sign\u00e9 par l\u2019architecte fran\u00e7aise de renomm\u00e9e mondiale Odile Decq, qui a con\u00e7u cette nouvelle tour d\u2019appartements \u00e0 Diagonal Mar, un quartier contemporain et dynamique de Barcelone.","breadcrumb":{"@id":"https:\/\/legrandcaferouge.eu\/fr\/tour-antares-barcelone\/#breadcrumb"},"inLanguage":"fr-FR","potentialAction":[{"@type":"ReadAction","target":["https:\/\/legrandcaferouge.eu\/fr\/tour-antares-barcelone\/"]}]},{"@type":"BreadcrumbList","@id":"https:\/\/legrandcaferouge.eu\/fr\/tour-antares-barcelone\/#breadcrumb","itemListElement":[{"@type":"ListItem","position":1,"name":"Portada","item":"https:\/\/legrandcaferouge.eu\/fr\/"},{"@type":"ListItem","position":2,"name":"Le Grand Caf\u00e9 Rouge \u2013\u00a0La tour Antares"}]},{"@type":"WebSite","@id":"https:\/\/legrandcaferouge.eu\/fr\/#website","url":"https:\/\/legrandcaferouge.eu\/fr\/","name":"Le Grand Cafe Rouge","description":"Restaurante Brasserie Barcelona \u2013 Edificio Antares","potentialAction":[{"@type":"SearchAction","target":{"@type":"EntryPoint","urlTemplate":"https:\/\/legrandcaferouge.eu\/fr\/?s={search_term_string}"},"query-input":{"@type":"PropertyValueSpecification","valueRequired":true,"valueName":"search_term_string"}}],"inLanguage":"fr-FR"}]}},"_links":{"self":[{"href":"https:\/\/legrandcaferouge.eu\/fr\/wp-json\/wp\/v2\/pages\/800","targetHints":{"allow":["GET"]}}],"collection":[{"href":"https:\/\/legrandcaferouge.eu\/fr\/wp-json\/wp\/v2\/pages"}],"about":[{"href":"https:\/\/legrandcaferouge.eu\/fr\/wp-json\/wp\/v2\/types\/page"}],"author":[{"embeddable":true,"href":"https:\/\/legrandcaferouge.eu\/fr\/wp-json\/wp\/v2\/users\/1"}],"replies":[{"embeddable":true,"href":"https:\/\/legrandcaferouge.eu\/fr\/wp-json\/wp\/v2\/comments?post=800"}],"version-history":[{"count":0,"href":"https:\/\/legrandcaferouge.eu\/fr\/wp-json\/wp\/v2\/pages\/800\/revisions"}],"wp:attachment":[{"href":"https:\/\/legrandcaferouge.eu\/fr\/wp-json\/wp\/v2\/media?parent=800"}],"curies":[{"name":"wp","href":"https:\/\/api.w.org\/{rel}","templated":true}]}}